{"id":3,"date":"2020-07-06T23:14:15","date_gmt":"2020-07-06T21:14:15","guid":{"rendered":"http:\/\/www.souts.fr\/?page_id=3"},"modified":"2021-11-03T17:39:43","modified_gmt":"2021-11-03T16:39:43","slug":"politique-de-confidentialite","status":"publish","type":"page","link":"https:\/\/www.souts.fr\/en\/politique-de-confidentialite\/","title":{"rendered":"Privacy Policy"},"content":{"rendered":"<div data-colibri-id=\"3-c1\" class=\"style-1054 style-local-3-c1 position-relative\">\n  <!---->\n  <div data-colibri-component=\"section\" data-colibri-id=\"3-c2\" id=\"title\" class=\"h-section h-section-global-spacing d-flex align-items-lg-center align-items-md-center align-items-center style-1072 style-local-3-c2 position-relative\">\n    <!---->\n    <!---->\n    <div class=\"h-section-grid-container h-section-fluid-container\">\n      <!---->\n      <div data-colibri-id=\"3-c3\" class=\"h-row-container gutters-row-lg-0 gutters-row-md-0 gutters-row-0 gutters-row-v-lg-1 gutters-row-v-md-1 gutters-row-v-1 style-1073 style-local-3-c3 position-relative\">\n        <!---->\n        <div class=\"h-row justify-content-lg-center justify-content-md-center justify-content-center align-items-lg-stretch align-items-md-stretch align-items-stretch gutters-col-lg-0 gutters-col-md-0 gutters-col-0 gutters-col-v-lg-1 gutters-col-v-md-1 gutters-col-v-1\">\n          <!---->\n          <div class=\"h-column h-column-container d-flex h-col-lg-12 h-col-md-12 h-col-12 style-1074-outer style-local-3-c4-outer\">\n            <div data-colibri-id=\"3-c4\" class=\"d-flex h-flex-basis h-column__inner h-px-lg-2 h-px-md-2 h-px-2 v-inner-lg-2 v-inner-md-2 v-inner-2 style-1074 style-local-3-c4 position-relative\">\n              <!---->\n              <!---->\n              <div class=\"w-100 h-y-container h-column__content h-column__v-align flex-basis-100 align-self-lg-center align-self-md-center align-self-center\">\n                <!---->\n                <div data-colibri-id=\"3-c5\" class=\"h-global-transition-all h-heading style-1780 style-local-3-c5 position-relative h-element\">\n                  <!---->\n                  <div class=\"h-heading__outer style-1780 style-local-3-c5\">\n                    <!---->\n                    <!---->\n                    <h2 class=\"\">&nbsp;Data privacy policy<\/h2>\n                  <\/div>\n                <\/div>\n              <\/div>\n            <\/div>\n          <\/div>\n        <\/div>\n      <\/div>\n      <div data-colibri-id=\"3-c6\" class=\"h-row-container gutters-row-lg-3 gutters-row-md-3 gutters-row-0 gutters-row-v-lg-3 gutters-row-v-md-3 gutters-row-v-2 style-1098 style-local-3-c6 position-relative\">\n        <!---->\n        <div class=\"h-row justify-content-lg-center justify-content-md-center justify-content-center align-items-lg-stretch align-items-md-stretch align-items-stretch gutters-col-lg-3 gutters-col-md-3 gutters-col-0 gutters-col-v-lg-3 gutters-col-v-md-3 gutters-col-v-2\">\n          <!---->\n          <div class=\"h-column h-column-container d-flex h-col-lg-auto h-col-md-auto h-col-auto style-1099-outer style-local-3-c7-outer\">\n            <div data-colibri-id=\"3-c7\" class=\"d-flex h-flex-basis h-column__inner h-px-lg-3 h-px-md-3 h-px-0 v-inner-lg-0 v-inner-md-0 v-inner-0 style-1099 style-local-3-c7 position-relative\">\n              <!---->\n              <!---->\n              <div class=\"w-100 h-y-container h-column__content h-column__v-align flex-basis-100 align-self-lg-center align-self-md-center align-self-center\">\n                <!---->\n                <div data-colibri-id=\"3-c13\" class=\"h-global-transition-all h-heading style-4003 style-local-3-c13 position-relative h-element\">\n                  <!---->\n                  <div class=\"h-heading__outer style-4003 style-local-3-c13\">\n                    <!---->\n                    <!---->\n                    <h4 class=\"\">Protection of personal data<\/h4>\n                  <\/div>\n                <\/div>\n                <div data-colibri-id=\"3-c8\" class=\"h-text h-text-component style-1083 style-local-3-c8 position-relative h-element\">\n                  <!---->\n                  <!---->\n                  <div class=\"\">\n                    <p>In accordance with the Data Protection Act of January 6, 1978, and the General Data Protection Regulation (EU Regulation 2016\/679 of April 27, 2016), Souts processes the personal data of its customers and prospects, as part of its shoe sales activities, and management of the customer and prospect database through segmentation, prospecting, loyalty and communication by email or SMS.<\/p>\n                    <p>The data controller who collects data and implements the processing is the company AJP Circus, located 2 rue des Fontenelles 94000 Cr\u00e9teil, a company in the process of being created.<\/p>\n                    <p>The Client or Prospect has a right to access and rectify the data concerning him, and can also assert his right to erasure or right to be forgotten, as well as his right of opposition or portability. For any request, simply write to AJP Circus \/ customer service \u2013 2 rue des Fontenelles 94000 Cr\u00e9teil or by email at the address&nbsp;\n                      <a href=\"mailto:info@souts.fr\">info@souts.fr<\/a>.<\/p>\n                    <p>Any Client or Prospect has the right to lodge a complaint with the competent supervisory authority (in France, this is the CNIL,\n                      <a href=\"http:\/\/www.cnil.fr\" class=\"customize-unpreviewable\">www.cnil.fr<\/a>) regarding the processing of their personal data.<\/p>\n                  <\/div>\n                <\/div>\n              <\/div>\n            <\/div>\n          <\/div>\n        <\/div>\n      <\/div>\n    <\/div>\n  <\/div>\n<\/div>","protected":false},"excerpt":{"rendered":"<p>&nbsp;Politique de confidentialit\u00e9 des donn\u00e9es Protection des donn\u00e9es personnelles Conform\u00e9ment \u00e0 la loi Informatique et Libert\u00e9s du 6 janvier 1978, et au R\u00e8glement G\u00e9n\u00e9ral sur la Protection des Donn\u00e9es (R\u00e8glement UE 2016\/679 du 27 avril 2016), Souts traite des donn\u00e9es \u00e0 caract\u00e8re personnel de ses clients et prospects, dans le cadre de ses activit\u00e9s de [&hellip;]<\/p>\n","protected":false},"author":1,"featured_media":0,"parent":0,"menu_order":0,"comment_status":"closed","ping_status":"open","template":"page-templates\/full-width-page.php","meta":{"footnotes":""},"class_list":["post-3","page","type-page","status-publish","hentry"],"yoast_head":"<!-- This site is optimized with the Yoast SEO plugin v24.1 - https:\/\/yoast.com\/wordpress\/plugins\/seo\/ -->\n<title>Politique de confidentialit\u00e9 - Souts<\/title>\n<meta name=\"description\" content=\"Politique de confidentialit\u00e9\" \/>\n<meta name=\"robots\" content=\"index, follow, max-snippet:-1, max-image-preview:large, max-video-preview:-1\" \/>\n<link rel=\"canonical\" href=\"https:\/\/www.souts.fr\/en\/politique-de-confidentialite\/\" \/>\n<meta property=\"og:locale\" content=\"en_GB\" \/>\n<meta property=\"og:type\" content=\"article\" \/>\n<meta property=\"og:title\" content=\"Politique de confidentialit\u00e9 - Souts\" \/>\n<meta property=\"og:description\" content=\"Politique de confidentialit\u00e9\" \/>\n<meta property=\"og:url\" content=\"https:\/\/www.souts.fr\/en\/politique-de-confidentialite\/\" \/>\n<meta property=\"og:site_name\" content=\"Souts\" \/>\n<meta property=\"article:publisher\" content=\"https:\/\/www.facebook.com\/soutsofficiel\/\" \/>\n<meta property=\"article:modified_time\" content=\"2021-11-03T16:39:43+00:00\" \/>\n<meta name=\"twitter:card\" content=\"summary_large_image\" \/>\n<meta name=\"twitter:label1\" content=\"Estimated reading time\" \/>\n\t<meta name=\"twitter:data1\" content=\"1 minute\" \/>\n<script type=\"application\/ld+json\" class=\"yoast-schema-graph\">{\"@context\":\"https:\/\/schema.org\",\"@graph\":[{\"@type\":\"WebPage\",\"@id\":\"https:\/\/www.souts.fr\/politique-de-confidentialite\/\",\"url\":\"https:\/\/www.souts.fr\/politique-de-confidentialite\/\",\"name\":\"Politique de confidentialit\u00e9 - Souts\",\"isPartOf\":{\"@id\":\"https:\/\/www.souts.fr\/#website\"},\"datePublished\":\"2020-07-06T21:14:15+00:00\",\"dateModified\":\"2021-11-03T16:39:43+00:00\",\"description\":\"Politique de confidentialit\u00e9\",\"breadcrumb\":{\"@id\":\"https:\/\/www.souts.fr\/politique-de-confidentialite\/#breadcrumb\"},\"inLanguage\":\"en-GB\",\"potentialAction\":[{\"@type\":\"ReadAction\",\"target\":[\"https:\/\/www.souts.fr\/politique-de-confidentialite\/\"]}]},{\"@type\":\"BreadcrumbList\",\"@id\":\"https:\/\/www.souts.fr\/politique-de-confidentialite\/#breadcrumb\",\"itemListElement\":[{\"@type\":\"ListItem\",\"position\":1,\"name\":\"Accueil\",\"item\":\"https:\/\/www.souts.fr\/\"},{\"@type\":\"ListItem\",\"position\":2,\"name\":\"Politique de confidentialit\u00e9\"}]},{\"@type\":\"WebSite\",\"@id\":\"https:\/\/www.souts.fr\/#website\",\"url\":\"https:\/\/www.souts.fr\/\",\"name\":\"Souts\",\"description\":\"Le bonheur est \u00e0 vos pieds!\",\"publisher\":{\"@id\":\"https:\/\/www.souts.fr\/#organization\"},\"potentialAction\":[{\"@type\":\"SearchAction\",\"target\":{\"@type\":\"EntryPoint\",\"urlTemplate\":\"https:\/\/www.souts.fr\/?s={search_term_string}\"},\"query-input\":{\"@type\":\"PropertyValueSpecification\",\"valueRequired\":true,\"valueName\":\"search_term_string\"}}],\"inLanguage\":\"en-GB\"},{\"@type\":\"Organization\",\"@id\":\"https:\/\/www.souts.fr\/#organization\",\"name\":\"Souts\",\"url\":\"https:\/\/www.souts.fr\/\",\"logo\":{\"@type\":\"ImageObject\",\"inLanguage\":\"en-GB\",\"@id\":\"https:\/\/www.souts.fr\/#\/schema\/logo\/image\/\",\"url\":\"https:\/\/i0.wp.com\/www.souts.fr\/wp-content\/uploads\/souts_logo@125x.png?fit=1616%2C859&ssl=1\",\"contentUrl\":\"https:\/\/i0.wp.com\/www.souts.fr\/wp-content\/uploads\/souts_logo@125x.png?fit=1616%2C859&ssl=1\",\"width\":1616,\"height\":859,\"caption\":\"Souts\"},\"image\":{\"@id\":\"https:\/\/www.souts.fr\/#\/schema\/logo\/image\/\"},\"sameAs\":[\"https:\/\/www.facebook.com\/soutsofficiel\/\",\"https:\/\/www.instagram.com\/souts_officiel\/\"]}]}<\/script>\n<!-- \/ Yoast SEO plugin. -->","yoast_head_json":{"title":"Politique de confidentialit\u00e9 - Souts","description":"Privacy Policy","robots":{"index":"index","follow":"follow","max-snippet":"max-snippet:-1","max-image-preview":"max-image-preview:large","max-video-preview":"max-video-preview:-1"},"canonical":"https:\/\/www.souts.fr\/en\/politique-de-confidentialite\/","og_locale":"en_GB","og_type":"article","og_title":"Politique de confidentialit\u00e9 - Souts","og_description":"Politique de confidentialit\u00e9","og_url":"https:\/\/www.souts.fr\/en\/politique-de-confidentialite\/","og_site_name":"Souts","article_publisher":"https:\/\/www.facebook.com\/soutsofficiel\/","article_modified_time":"2021-11-03T16:39:43+00:00","twitter_card":"summary_large_image","twitter_misc":{"Estimated reading time":"1 minute"},"schema":{"@context":"https:\/\/schema.org","@graph":[{"@type":"WebPage","@id":"https:\/\/www.souts.fr\/politique-de-confidentialite\/","url":"https:\/\/www.souts.fr\/politique-de-confidentialite\/","name":"Politique de confidentialit\u00e9 - Souts","isPartOf":{"@id":"https:\/\/www.souts.fr\/#website"},"datePublished":"2020-07-06T21:14:15+00:00","dateModified":"2021-11-03T16:39:43+00:00","description":"Privacy Policy","breadcrumb":{"@id":"https:\/\/www.souts.fr\/politique-de-confidentialite\/#breadcrumb"},"inLanguage":"en-GB","potentialAction":[{"@type":"ReadAction","target":["https:\/\/www.souts.fr\/politique-de-confidentialite\/"]}]},{"@type":"BreadcrumbList","@id":"https:\/\/www.souts.fr\/politique-de-confidentialite\/#breadcrumb","itemListElement":[{"@type":"ListItem","position":1,"name":"Accueil","item":"https:\/\/www.souts.fr\/"},{"@type":"ListItem","position":2,"name":"Politique de confidentialit\u00e9"}]},{"@type":"WebSite","@id":"https:\/\/www.souts.fr\/#website","url":"https:\/\/www.souts.fr\/","name":"Outs","description":"Happiness is at your feet!","publisher":{"@id":"https:\/\/www.souts.fr\/#organization"},"potentialAction":[{"@type":"SearchAction","target":{"@type":"EntryPoint","urlTemplate":"https:\/\/www.souts.fr\/?s={search_term_string}"},"query-input":{"@type":"PropertyValueSpecification","valueRequired":true,"valueName":"search_term_string"}}],"inLanguage":"en-GB"},{"@type":"Organization","@id":"https:\/\/www.souts.fr\/#organization","name":"Outs","url":"https:\/\/www.souts.fr\/","logo":{"@type":"ImageObject","inLanguage":"en-GB","@id":"https:\/\/www.souts.fr\/#\/schema\/logo\/image\/","url":"https:\/\/i0.wp.com\/www.souts.fr\/wp-content\/uploads\/souts_logo@125x.png?fit=1616%2C859&ssl=1","contentUrl":"https:\/\/i0.wp.com\/www.souts.fr\/wp-content\/uploads\/souts_logo@125x.png?fit=1616%2C859&ssl=1","width":1616,"height":859,"caption":"Souts"},"image":{"@id":"https:\/\/www.souts.fr\/#\/schema\/logo\/image\/"},"sameAs":["https:\/\/www.facebook.com\/soutsofficiel\/","https:\/\/www.instagram.com\/souts_officiel\/"]}]}},"jetpack_sharing_enabled":true,"_links":{"self":[{"href":"https:\/\/www.souts.fr\/en\/wp-json\/wp\/v2\/pages\/3","targetHints":{"allow":["GET"]}}],"collection":[{"href":"https:\/\/www.souts.fr\/en\/wp-json\/wp\/v2\/pages"}],"about":[{"href":"https:\/\/www.souts.fr\/en\/wp-json\/wp\/v2\/types\/page"}],"author":[{"embeddable":true,"href":"https:\/\/www.souts.fr\/en\/wp-json\/wp\/v2\/users\/1"}],"replies":[{"embeddable":true,"href":"https:\/\/www.souts.fr\/en\/wp-json\/wp\/v2\/comments?post=3"}],"version-history":[{"count":0,"href":"https:\/\/www.souts.fr\/en\/wp-json\/wp\/v2\/pages\/3\/revisions"}],"wp:attachment":[{"href":"https:\/\/www.souts.fr\/en\/wp-json\/wp\/v2\/media?parent=3"}],"curies":[{"name":"wp","href":"https:\/\/api.w.org\/{rel}","templated":true}]}}